{"id":255,"date":"2016-05-23T10:30:24","date_gmt":"2016-05-23T10:30:24","guid":{"rendered":"http:\/\/test.kriesi.at\/enfold-health-coach\/?page_id=255"},"modified":"2024-06-25T11:18:06","modified_gmt":"2024-06-25T11:18:06","slug":"contact-3","status":"publish","type":"page","link":"https:\/\/fjarmalaheilsa.is\/index.php\/contact-3\/","title":{"rendered":"Contact"},"content":{"rendered":"<div id='welcome'  class='av-layout-grid-container av-5hqlhj-cd600c7d9e0016ddc4381e153348cb66 entry-content-wrapper main_color av-fixed-cells  avia-builder-el-0  el_before_av_layout_row  avia-builder-el-first   container_wrap sidebar_right'  >\n\n<style type=\"text\/css\" data-created_by=\"avia_inline_auto\" id=\"style-css-av-5crowf-5586b8e84517e5b8ffc5421ca9e97200\">\n.flex_cell.av-5crowf-5586b8e84517e5b8ffc5421ca9e97200{\nvertical-align:top;\nheight:15px;\nmin-height:15px;\nbackground-color:#719430;\n}\n.responsive #top #wrap_all .flex_cell.av-5crowf-5586b8e84517e5b8ffc5421ca9e97200{\npadding:0px 0px 0px 0px !important;\n}\n<\/style>\n<div class='flex_cell av-5crowf-5586b8e84517e5b8ffc5421ca9e97200 av-gridrow-cell av_one_fourth no_margin  avia-builder-el-1  el_before_av_cell_one_fourth  avia-builder-el-first  av-zero-padding' ><div class='flex_cell_inner'><\/div><\/div>\n<style type=\"text\/css\" data-created_by=\"avia_inline_auto\" id=\"style-css-av-58rp9b-b796654c1d8e609fc179979a80a3533e\">\n.flex_cell.av-58rp9b-b796654c1d8e609fc179979a80a3533e{\nvertical-align:top;\nheight:15px;\nmin-height:15px;\nbackground-color:#92bb46;\n}\n.responsive #top #wrap_all .flex_cell.av-58rp9b-b796654c1d8e609fc179979a80a3533e{\npadding:0px 0px 0px 0px !important;\n}\n<\/style>\n<div class='flex_cell av-58rp9b-b796654c1d8e609fc179979a80a3533e av-gridrow-cell av_one_fourth no_margin  avia-builder-el-2  el_after_av_cell_one_fourth  el_before_av_cell_one_fourth  av-zero-padding' ><div class='flex_cell_inner'><\/div><\/div>\n<style type=\"text\/css\" data-created_by=\"avia_inline_auto\" id=\"style-css-av-53bhzj-24afd64518c35a19b2753c21797ad5b7\">\n.flex_cell.av-53bhzj-24afd64518c35a19b2753c21797ad5b7{\nvertical-align:top;\nheight:15px;\nmin-height:15px;\nbackground-color:#acd464;\n}\n.responsive #top #wrap_all .flex_cell.av-53bhzj-24afd64518c35a19b2753c21797ad5b7{\npadding:0px 0px 0px 0px !important;\n}\n<\/style>\n<div class='flex_cell av-53bhzj-24afd64518c35a19b2753c21797ad5b7 av-gridrow-cell av_one_fourth no_margin  avia-builder-el-3  el_after_av_cell_one_fourth  el_before_av_cell_one_fourth  av-zero-padding' ><div class='flex_cell_inner'><\/div><\/div>\n<style type=\"text\/css\" data-created_by=\"avia_inline_auto\" id=\"style-css-av-4tf273-846d657585962d1fe6d0b6a7cb3d78de\">\n.flex_cell.av-4tf273-846d657585962d1fe6d0b6a7cb3d78de{\nvertical-align:top;\nheight:15px;\nmin-height:15px;\nbackground-color:#e1fbb2;\n}\n.responsive #top #wrap_all .flex_cell.av-4tf273-846d657585962d1fe6d0b6a7cb3d78de{\npadding:0px 0px 0px 0px !important;\n}\n<\/style>\n<div class='flex_cell av-4tf273-846d657585962d1fe6d0b6a7cb3d78de av-gridrow-cell av_one_fourth no_margin  avia-builder-el-4  el_after_av_cell_one_fourth  avia-builder-el-last  av-zero-padding' ><div class='flex_cell_inner'><\/div><\/div>\n<\/div>\n<div id='hello'  class='av-layout-grid-container av-4bxx9z-fc85ff911df1f9ec3084b9344dc62f9a entry-content-wrapper main_color av-flex-cells  avia-builder-el-5  el_after_av_layout_row  el_before_av_layout_row  grid-row-not-first  container_wrap sidebar_right'  >\n\n<style type=\"text\/css\" data-created_by=\"avia_inline_auto\" id=\"style-css-av-46lfhr-278d07d5d9e3033b4c1afa27461f6460\">\n.flex_cell.av-46lfhr-278d07d5d9e3033b4c1afa27461f6460{\nvertical-align:top;\n}\n.responsive #top #wrap_all .flex_cell.av-46lfhr-278d07d5d9e3033b4c1afa27461f6460{\npadding:100px 100px 100px 100px !important;\n}\n<\/style>\n<div class='flex_cell av-46lfhr-278d07d5d9e3033b4c1afa27461f6460 av-gridrow-cell av_two_fifth no_margin  avia-builder-el-6  el_before_av_cell_three_fifth  avia-builder-el-first ' ><div class='flex_cell_inner'><p>\n<style type=\"text\/css\" data-created_by=\"avia_inline_auto\" id=\"style-css-av-417aan-845c6338d4e88a3175407f3f4b13bf39\">\n#top .av-special-heading.av-417aan-845c6338d4e88a3175407f3f4b13bf39{\npadding-bottom:30px;\nfont-size:70px;\n}\nbody .av-special-heading.av-417aan-845c6338d4e88a3175407f3f4b13bf39 .av-special-heading-tag .heading-char{\nfont-size:25px;\n}\n#top #wrap_all .av-special-heading.av-417aan-845c6338d4e88a3175407f3f4b13bf39 .av-special-heading-tag{\nfont-size:70px;\n}\n.av-special-heading.av-417aan-845c6338d4e88a3175407f3f4b13bf39 .av-subheading{\nfont-size:15px;\n}\n\n@media only screen and (min-width: 480px) and (max-width: 767px){ \n#top #wrap_all .av-special-heading.av-417aan-845c6338d4e88a3175407f3f4b13bf39 .av-special-heading-tag{\nfont-size:0.8em;\n}\n}\n\n@media only screen and (max-width: 479px){ \n#top #wrap_all .av-special-heading.av-417aan-845c6338d4e88a3175407f3f4b13bf39 .av-special-heading-tag{\nfont-size:0.8em;\n}\n}\n<\/style>\n<div  class='av-special-heading av-417aan-845c6338d4e88a3175407f3f4b13bf39 av-special-heading-h1 blockquote modern-quote  avia-builder-el-7  el_before_av_textblock  avia-builder-el-first  av-inherit-size'><h1 class='av-special-heading-tag'  itemprop=\"headline\"  >Haf\u00f0u <u>samband<\/u><\/h1><div class=\"special-heading-border\"><div class=\"special-heading-inner-border\"><\/div><\/div><\/div><br \/>\n\n<style type=\"text\/css\" data-created_by=\"avia_inline_auto\" id=\"style-css-av-3ug9u7-7ad9988fa1fb94e655e973c4e9bfb733\">\n#top .av_textblock_section.av-3ug9u7-7ad9988fa1fb94e655e973c4e9bfb733 .avia_textblock{\nfont-size:18px;\n}\n<\/style>\n<section  class='av_textblock_section av-3ug9u7-7ad9988fa1fb94e655e973c4e9bfb733'  itemscope=\"itemscope\" itemtype=\"https:\/\/schema.org\/CreativeWork\" ><div class='avia_textblock'  itemprop=\"text\" ><p>H\u00e9r er h\u00e6gt a\u00f0 leggja inn fyrirspurn til okkar.<\/p>\n<p>Ef \u00fe\u00fa vilt f\u00e6ra e\u00f0a breyta b\u00f3ku\u00f0um t\u00edma &#8211; vinsamlega haf\u00f0u beint samband vi\u00f0 r\u00e1\u00f0gjafan \u00feinn.<\/p>\n<p>Einnig er h\u00e6gt a\u00f0 senda almennar fyrirspurnir me\u00f0 t\u00f6lvup\u00f3sti \u00e1 fjarmalaheilsa@fjarmalaheilsa.is<\/p>\n<p>e\u00f0a fyrirspurnir um n\u00e1mskei\u00f0 \u00e1 namskeid@fjarmalaheilsa.is<\/p>\n<\/div><\/section><br \/>\n\n<style type=\"text\/css\" data-created_by=\"avia_inline_auto\" id=\"style-css-av-3rk0r3-e7dc827388e3cfe8f8aa0c89b4cf9a4b\">\n#top .hr.hr-invisible.av-3rk0r3-e7dc827388e3cfe8f8aa0c89b4cf9a4b{\nheight:20px;\n}\n<\/style>\n<div  class='hr av-3rk0r3-e7dc827388e3cfe8f8aa0c89b4cf9a4b hr-invisible  avia-builder-el-9  el_after_av_textblock  avia-builder-el-last '><span class='hr-inner '><span class=\"hr-inner-style\"><\/span><\/span><\/div><\/p>\n<\/div><\/div>\n<style type=\"text\/css\" data-created_by=\"avia_inline_auto\" id=\"style-css-av-3e9vsf-224533195cafeae39ad863bd343440ff\">\n.flex_cell.av-3e9vsf-224533195cafeae39ad863bd343440ff{\nvertical-align:top;\nbackground-color:#719430;\n}\n.responsive #top #wrap_all .flex_cell.av-3e9vsf-224533195cafeae39ad863bd343440ff{\npadding:50px 50px 50px 50px !important;\n}\n<\/style>\n<div class='flex_cell av-3e9vsf-224533195cafeae39ad863bd343440ff av-gridrow-cell av_three_fifth no_margin  avia-builder-el-10  el_after_av_cell_two_fifth  avia-builder-el-last  avia-full-stretch' ><div class='flex_cell_inner'>\n<style type=\"text\/css\" data-created_by=\"avia_inline_auto\" id=\"style-css-av-3agnz3-e392892e5d7e7c69e36696700280e934\">\n.flex_column.av-3agnz3-e392892e5d7e7c69e36696700280e934{\n-webkit-border-radius:0px 0px 0px 0px;\n-moz-border-radius:0px 0px 0px 0px;\nborder-radius:0px 0px 0px 0px;\npadding:50px 50px 50px 50px;\nbackground-color:#ffffff;\n}\n<\/style>\n<div class='flex_column av-3agnz3-e392892e5d7e7c69e36696700280e934 av_one_full  avia-builder-el-11  avia-builder-el-no-sibling  first flex_column_div avia-full-contain '     ><form action=\"https:\/\/fjarmalaheilsa.is\/index.php\/contact-3\/\" method=\"post\"  class=\"avia_ajax_form av-form-labels-visible   avia-builder-el-12  avia-builder-el-no-sibling  av-custom-form-color av-dark-form \" data-avia-form-id=\"1\" data-avia-redirect='' ><fieldset><p class='  first_form  form_element form_element_half' id='element_avia_1_1'><label for=\"avia_1_1\">Nafn <abbr class=\"required\" title=\"required\">*<\/abbr><\/label> <input name=\"avia_1_1\" class=\"text_input is_empty\" type=\"text\" id=\"avia_1_1\" value=\"\" \/><\/p><p class='  form_element form_element_half' id='element_avia_2_1'><label for=\"avia_2_1\">Netfang <abbr class=\"required\" title=\"required\">*<\/abbr><\/label> <input name=\"avia_2_1\" class=\"text_input is_email\" type=\"text\" id=\"avia_2_1\" value=\"\" \/><\/p><p class='  first_form  form_element form_fullwidth' id='element_avia_3_1'><label for=\"avia_3_1\">Efni <abbr class=\"required\" title=\"required\">*<\/abbr><\/label> <input name=\"avia_3_1\" class=\"text_input is_empty\" type=\"text\" id=\"avia_3_1\" value=\"\" \/><\/p><p class='  first_form  form_element form_fullwidth av-last-visible-form-element' id='element_avia_4_1'><label for=\"avia_4_1\" class=\"textare_label hidden textare_label_avia_4_1\">Skilabo\u00f0 <abbr class=\"required\" title=\"required\">*<\/abbr><\/label><textarea  name=\"avia_4_1\" class=\"text_area is_empty\" cols=\"40\" rows=\"7\" id=\"avia_4_1\" ><\/textarea><\/p><p class=\"hidden\"><input type=\"text\" name=\"avia_5_1\" class=\"hidden \" id=\"avia_5_1\" value=\"\" \/><\/p><p class=\"form_element \"><input type=\"hidden\" value=\"1\" name=\"avia_generated_form1\" \/><input type=\"submit\" value=\"Senda\" class=\"button\"  data-sending-label=\"Sending\"\/><\/p><\/fieldset><\/form><div id=\"ajaxresponse_1\" class=\"ajaxresponse ajaxresponse_1 hidden\"><\/div><\/div>\n<\/div><\/div><\/div><div id='welcome'  class='av-layout-grid-container av-266qfz-b3e7e0b35d97f76cc867882468b53467 entry-content-wrapper main_color av-fixed-cells  avia-builder-el-13  el_after_av_layout_row  avia-builder-el-last  grid-row-not-first  container_wrap sidebar_right'  >\n\n<style type=\"text\/css\" data-created_by=\"avia_inline_auto\" id=\"style-css-av-230lnb-020f9679d164da2354907eb6e2676dbc\">\n.flex_cell.av-230lnb-020f9679d164da2354907eb6e2676dbc{\nvertical-align:top;\nheight:15px;\nmin-height:15px;\nbackground-color:#719430;\n}\n.responsive #top #wrap_all .flex_cell.av-230lnb-020f9679d164da2354907eb6e2676dbc{\npadding:0px 0px 0px 0px !important;\n}\n<\/style>\n<div class='flex_cell av-230lnb-020f9679d164da2354907eb6e2676dbc av-gridrow-cell av_one_fourth no_margin  avia-builder-el-14  el_before_av_cell_one_fourth  avia-builder-el-first  av-zero-padding' ><div class='flex_cell_inner'><\/div><\/div>\n<style type=\"text\/css\" data-created_by=\"avia_inline_auto\" id=\"style-css-av-1zcz7z-e67ffdc3697bbb67929da10f99f48acd\">\n.flex_cell.av-1zcz7z-e67ffdc3697bbb67929da10f99f48acd{\nvertical-align:top;\nheight:15px;\nmin-height:15px;\nbackground-color:#92bb46;\n}\n.responsive #top #wrap_all .flex_cell.av-1zcz7z-e67ffdc3697bbb67929da10f99f48acd{\npadding:0px 0px 0px 0px !important;\n}\n<\/style>\n<div class='flex_cell av-1zcz7z-e67ffdc3697bbb67929da10f99f48acd av-gridrow-cell av_one_fourth no_margin  avia-builder-el-15  el_after_av_cell_one_fourth  el_before_av_cell_one_fourth  av-zero-padding' ><div class='flex_cell_inner'><\/div><\/div>\n<style type=\"text\/css\" data-created_by=\"avia_inline_auto\" id=\"style-css-av-1sw61r-7b6de7275163a55b501eae0cbce840a7\">\n.flex_cell.av-1sw61r-7b6de7275163a55b501eae0cbce840a7{\nvertical-align:top;\nheight:15px;\nmin-height:15px;\nbackground-color:#acd464;\n}\n.responsive #top #wrap_all .flex_cell.av-1sw61r-7b6de7275163a55b501eae0cbce840a7{\npadding:0px 0px 0px 0px !important;\n}\n<\/style>\n<div class='flex_cell av-1sw61r-7b6de7275163a55b501eae0cbce840a7 av-gridrow-cell av_one_fourth no_margin  avia-builder-el-16  el_after_av_cell_one_fourth  el_before_av_cell_one_fourth  av-zero-padding' ><div class='flex_cell_inner'><\/div><\/div>\n<style type=\"text\/css\" data-created_by=\"avia_inline_auto\" id=\"style-css-av-1mt7bz-9ffd1d0425b2ec6b37d5a5594bf92a0e\">\n.flex_cell.av-1mt7bz-9ffd1d0425b2ec6b37d5a5594bf92a0e{\nvertical-align:top;\nheight:15px;\nmin-height:15px;\nbackground-color:#e1fbb2;\n}\n.responsive #top #wrap_all .flex_cell.av-1mt7bz-9ffd1d0425b2ec6b37d5a5594bf92a0e{\npadding:0px 0px 0px 0px !important;\n}\n<\/style>\n<div class='flex_cell av-1mt7bz-9ffd1d0425b2ec6b37d5a5594bf92a0e av-gridrow-cell av_one_fourth no_margin  avia-builder-el-17  el_after_av_cell_one_fourth  avia-builder-el-last  av-zero-padding' ><div class='flex_cell_inner'><\/div><\/div>\n<\/div><\/p>","protected":false},"excerpt":{"rendered":"","protected":false},"author":2,"featured_media":0,"parent":0,"menu_order":0,"comment_status":"closed","ping_status":"closed","template":"","meta":{"_bbp_topic_count":0,"_bbp_reply_count":0,"_bbp_total_topic_count":0,"_bbp_total_reply_count":0,"_bbp_voice_count":0,"_bbp_anonymous_reply_count":0,"_bbp_topic_count_hidden":0,"_bbp_reply_count_hidden":0,"_bbp_forum_subforum_count":0,"footnotes":""},"class_list":["post-255","page","type-page","status-publish","hentry"],"jetpack_sharing_enabled":true,"_links":{"self":[{"href":"https:\/\/fjarmalaheilsa.is\/index.php\/wp-json\/wp\/v2\/pages\/255"}],"collection":[{"href":"https:\/\/fjarmalaheilsa.is\/index.php\/wp-json\/wp\/v2\/pages"}],"about":[{"href":"https:\/\/fjarmalaheilsa.is\/index.php\/wp-json\/wp\/v2\/types\/page"}],"author":[{"embeddable":true,"href":"https:\/\/fjarmalaheilsa.is\/index.php\/wp-json\/wp\/v2\/users\/2"}],"replies":[{"embeddable":true,"href":"https:\/\/fjarmalaheilsa.is\/index.php\/wp-json\/wp\/v2\/comments?post=255"}],"version-history":[{"count":11,"href":"https:\/\/fjarmalaheilsa.is\/index.php\/wp-json\/wp\/v2\/pages\/255\/revisions"}],"predecessor-version":[{"id":3538,"href":"https:\/\/fjarmalaheilsa.is\/index.php\/wp-json\/wp\/v2\/pages\/255\/revisions\/3538"}],"wp:attachment":[{"href":"https:\/\/fjarmalaheilsa.is\/index.php\/wp-json\/wp\/v2\/media?parent=255"}],"curies":[{"name":"wp","href":"https:\/\/api.w.org\/{rel}","templated":true}]}}