{"id":253,"date":"2016-05-23T10:30:12","date_gmt":"2016-05-23T10:30:12","guid":{"rendered":"http:\/\/test.kriesi.at\/enfold-health-coach\/?page_id=253"},"modified":"2024-06-25T10:12:32","modified_gmt":"2024-06-25T10:12:32","slug":"about-2","status":"publish","type":"page","link":"https:\/\/fjarmalaheilsa.is\/index.php\/about-2\/","title":{"rendered":"About"},"content":{"rendered":"<div id='welcome'  class='av-layout-grid-container av-7tkmel-c002cd45c8877c3010e4cf24fb3846e1 entry-content-wrapper main_color av-fixed-cells  avia-builder-el-0  el_before_av_layout_row  avia-builder-el-first   container_wrap sidebar_right'  >\n\n<style type=\"text\/css\" data-created_by=\"avia_inline_auto\" id=\"style-css-av-7nzbhp-08d00b4596ecac73285ac3c1e1e4f39f\">\n.flex_cell.av-7nzbhp-08d00b4596ecac73285ac3c1e1e4f39f{\nvertical-align:top;\nheight:15px;\nmin-height:15px;\nbackground-color:#719430;\n}\n.responsive #top #wrap_all .flex_cell.av-7nzbhp-08d00b4596ecac73285ac3c1e1e4f39f{\npadding:0px 0px 0px 0px !important;\n}\n<\/style>\n<div class='flex_cell av-7nzbhp-08d00b4596ecac73285ac3c1e1e4f39f av-gridrow-cell av_one_fourth no_margin  avia-builder-el-1  el_before_av_cell_one_fourth  avia-builder-el-first  av-zero-padding' ><div class='flex_cell_inner'><\/div><\/div>\n<style type=\"text\/css\" data-created_by=\"avia_inline_auto\" id=\"style-css-av-7k5dfx-2b5d7ccf5851a8f32c10b9e2ce60b43a\">\n.flex_cell.av-7k5dfx-2b5d7ccf5851a8f32c10b9e2ce60b43a{\nvertical-align:top;\nheight:15px;\nmin-height:15px;\nbackground-color:#92bb46;\n}\n.responsive #top #wrap_all .flex_cell.av-7k5dfx-2b5d7ccf5851a8f32c10b9e2ce60b43a{\npadding:0px 0px 0px 0px !important;\n}\n<\/style>\n<div class='flex_cell av-7k5dfx-2b5d7ccf5851a8f32c10b9e2ce60b43a av-gridrow-cell av_one_fourth no_margin  avia-builder-el-2  el_after_av_cell_one_fourth  el_before_av_cell_one_fourth  av-zero-padding' ><div class='flex_cell_inner'><\/div><\/div>\n<style type=\"text\/css\" data-created_by=\"avia_inline_auto\" id=\"style-css-av-7eoee5-1258602d484f26c0aacf370c47f070e3\">\n.flex_cell.av-7eoee5-1258602d484f26c0aacf370c47f070e3{\nvertical-align:top;\nheight:15px;\nmin-height:15px;\nbackground-color:#acd464;\n}\n.responsive #top #wrap_all .flex_cell.av-7eoee5-1258602d484f26c0aacf370c47f070e3{\npadding:0px 0px 0px 0px !important;\n}\n<\/style>\n<div class='flex_cell av-7eoee5-1258602d484f26c0aacf370c47f070e3 av-gridrow-cell av_one_fourth no_margin  avia-builder-el-3  el_after_av_cell_one_fourth  el_before_av_cell_one_fourth  av-zero-padding' ><div class='flex_cell_inner'><\/div><\/div>\n<style type=\"text\/css\" data-created_by=\"avia_inline_auto\" id=\"style-css-av-74pe0d-bc5ac7403c56b64171bf84e9f1041fee\">\n.flex_cell.av-74pe0d-bc5ac7403c56b64171bf84e9f1041fee{\nvertical-align:top;\nheight:15px;\nmin-height:15px;\nbackground-color:#e1fbb2;\n}\n.responsive #top #wrap_all .flex_cell.av-74pe0d-bc5ac7403c56b64171bf84e9f1041fee{\npadding:0px 0px 0px 0px !important;\n}\n<\/style>\n<div class='flex_cell av-74pe0d-bc5ac7403c56b64171bf84e9f1041fee av-gridrow-cell av_one_fourth no_margin  avia-builder-el-4  el_after_av_cell_one_fourth  avia-builder-el-last  av-zero-padding' ><div class='flex_cell_inner'><\/div><\/div>\n<\/div>\n<div id='hello'  class='av-layout-grid-container av-6z7uwd-ee31833e7e36a3719d0a2cdfe75cbc76 entry-content-wrapper main_color av-flex-cells  avia-builder-el-5  el_after_av_layout_row  el_before_av_layout_row  grid-row-not-first  container_wrap sidebar_right'  >\n\n<style type=\"text\/css\" data-created_by=\"avia_inline_auto\" id=\"style-css-av-6vzhut-b98716a050491c03d337bad6c8c42bdf\">\n.flex_cell.av-6vzhut-b98716a050491c03d337bad6c8c42bdf{\nvertical-align:top;\n}\n.responsive #top #wrap_all .flex_cell.av-6vzhut-b98716a050491c03d337bad6c8c42bdf{\npadding:100px 100px 100px 100px !important;\n}\n<\/style>\n<div class='flex_cell av-6vzhut-b98716a050491c03d337bad6c8c42bdf av-gridrow-cell av_one_half no_margin  avia-builder-el-6  el_before_av_cell_one_half  avia-builder-el-first ' ><div class='flex_cell_inner'><p>\n<style type=\"text\/css\" data-created_by=\"avia_inline_auto\" id=\"style-css-av-6oa9x1-69e32084ab8803647c3dfce9e189e1b2\">\n#top .av-special-heading.av-6oa9x1-69e32084ab8803647c3dfce9e189e1b2{\npadding-bottom:30px;\nfont-size:70px;\n}\nbody .av-special-heading.av-6oa9x1-69e32084ab8803647c3dfce9e189e1b2 .av-special-heading-tag .heading-char{\nfont-size:25px;\n}\n#top #wrap_all .av-special-heading.av-6oa9x1-69e32084ab8803647c3dfce9e189e1b2 .av-special-heading-tag{\nfont-size:70px;\n}\n.av-special-heading.av-6oa9x1-69e32084ab8803647c3dfce9e189e1b2 .av-subheading{\nfont-size:15px;\n}\n\n@media only screen and (min-width: 480px) and (max-width: 767px){ \n#top #wrap_all .av-special-heading.av-6oa9x1-69e32084ab8803647c3dfce9e189e1b2 .av-special-heading-tag{\nfont-size:0.8em;\n}\n}\n\n@media only screen and (max-width: 479px){ \n#top #wrap_all .av-special-heading.av-6oa9x1-69e32084ab8803647c3dfce9e189e1b2 .av-special-heading-tag{\nfont-size:0.8em;\n}\n}\n<\/style>\n<div  class='av-special-heading av-6oa9x1-69e32084ab8803647c3dfce9e189e1b2 av-special-heading-h1 blockquote modern-quote  avia-builder-el-7  el_before_av_textblock  avia-builder-el-first  av-inherit-size'><h1 class='av-special-heading-tag'  itemprop=\"headline\"  >Fj\u00e1rm\u00e1la <u>r\u00e1\u00f0gj\u00f6f<\/u><\/h1><div class=\"special-heading-border\"><div class=\"special-heading-inner-border\"><\/div><\/div><\/div><br \/>\n\n<style type=\"text\/css\" data-created_by=\"avia_inline_auto\" id=\"style-css-av-6kcyq5-5c2f410e322490d9ba9bccc35752ae15\">\n#top .av_textblock_section.av-6kcyq5-5c2f410e322490d9ba9bccc35752ae15 .avia_textblock{\nfont-size:18px;\n}\n<\/style>\n<section  class='av_textblock_section av-6kcyq5-5c2f410e322490d9ba9bccc35752ae15'  itemscope=\"itemscope\" itemtype=\"https:\/\/schema.org\/CreativeWork\" ><div class='avia_textblock'  itemprop=\"text\" ><p>Stendur \u00fe\u00fa \u00e1 krossg\u00f6tum?<\/p>\n<p>Hvort sem \u00fe\u00fa ert \u00ed v\u00edtahring sem \u00fe\u00fa vilt losna \u00far e\u00f0a vilt fyrirbyggja a\u00f0 lenda \u00fear.<\/p>\n<p>B\u00f3ka\u00f0u t\u00edma hj\u00e1 \u00f3h\u00e1\u00f0um r\u00e1\u00f0gjafa e\u00f0a sendu fyrirspurn \u00e1 fjarmalaradgjof@fjarmalaradgjof.is<\/p>\n<\/div><\/section><br \/>\n\n<style type=\"text\/css\" data-created_by=\"avia_inline_auto\" id=\"style-css-av-6bteyt-82b4bc0610bb5cdf9e7140b3eb5a017e\">\n#top .hr.hr-invisible.av-6bteyt-82b4bc0610bb5cdf9e7140b3eb5a017e{\nheight:20px;\n}\n<\/style>\n<div  class='hr av-6bteyt-82b4bc0610bb5cdf9e7140b3eb5a017e hr-invisible  avia-builder-el-9  el_after_av_textblock  el_before_av_textblock '><span class='hr-inner '><span class=\"hr-inner-style\"><\/span><\/span><\/div><br \/>\n\n<style type=\"text\/css\" data-created_by=\"avia_inline_auto\" id=\"style-css-av-653a59-4fef2dc435b4f7abc281593d3a453ec7\">\n#top .av_textblock_section.av-653a59-4fef2dc435b4f7abc281593d3a453ec7 .avia_textblock{\nfont-size:16px;\n}\n<\/style>\n<section  class='av_textblock_section av-653a59-4fef2dc435b4f7abc281593d3a453ec7'  itemscope=\"itemscope\" itemtype=\"https:\/\/schema.org\/CreativeWork\" ><div class='avia_textblock'  itemprop=\"text\" ><p><em>We cannot solve our problems with the same<\/em><\/p>\n<p><em> thinking we used when we created them.<\/em><\/p>\n<p><em>&#8211; Albert Einstein<\/em><\/p>\n<\/div><\/section><\/p>\n<\/div><\/div>\n<style type=\"text\/css\" data-created_by=\"avia_inline_auto\" id=\"style-css-av-5zojcd-a8e15cba87378f27854c73a27a5d877d\">\n.flex_cell.av-5zojcd-a8e15cba87378f27854c73a27a5d877d{\nvertical-align:top;\nbackground:url(https:\/\/fjarmalaheilsa.is\/wp-content\/uploads\/2023\/05\/krossgotur-300x212.png) 50% 50% no-repeat scroll #719430;\n}\n.responsive #top #wrap_all .flex_cell.av-5zojcd-a8e15cba87378f27854c73a27a5d877d{\npadding:100px 100px 100px 100px !important;\n}\n<\/style>\n<div class='flex_cell av-5zojcd-a8e15cba87378f27854c73a27a5d877d av-gridrow-cell av_one_half no_margin  avia-builder-el-11  el_after_av_cell_one_half  avia-builder-el-last  avia-full-stretch' ><div class='flex_cell_inner'><\/div><\/div>\n<\/div>\n<div id='welcome'  class='av-layout-grid-container av-zl0ph-beb1d1fc52250ab63784064f891d901c entry-content-wrapper main_color av-fixed-cells  avia-builder-el-12  el_after_av_layout_row  el_before_av_layout_row  grid-row-not-first  container_wrap sidebar_right'  >\n\n<style type=\"text\/css\" data-created_by=\"avia_inline_auto\" id=\"style-css-av-rfehp-0f3d14f2d8462a7b74509d80baef726a\">\n.flex_cell.av-rfehp-0f3d14f2d8462a7b74509d80baef726a{\nvertical-align:top;\nheight:15px;\nmin-height:15px;\nbackground-color:#719430;\n}\n.responsive #top #wrap_all .flex_cell.av-rfehp-0f3d14f2d8462a7b74509d80baef726a{\npadding:0px 0px 0px 0px !important;\n}\n<\/style>\n<div class='flex_cell av-rfehp-0f3d14f2d8462a7b74509d80baef726a av-gridrow-cell av_one_fourth no_margin  avia-builder-el-13  el_before_av_cell_one_fourth  avia-builder-el-first  av-zero-padding' ><div class='flex_cell_inner'><\/div><\/div>\n<style type=\"text\/css\" data-created_by=\"avia_inline_auto\" id=\"style-css-av-j5a8l-11d213380f5b85e7b29587bed40df44f\">\n.flex_cell.av-j5a8l-11d213380f5b85e7b29587bed40df44f{\nvertical-align:top;\nheight:15px;\nmin-height:15px;\nbackground-color:#92bb46;\n}\n.responsive #top #wrap_all .flex_cell.av-j5a8l-11d213380f5b85e7b29587bed40df44f{\npadding:0px 0px 0px 0px !important;\n}\n<\/style>\n<div class='flex_cell av-j5a8l-11d213380f5b85e7b29587bed40df44f av-gridrow-cell av_one_fourth no_margin  avia-builder-el-14  el_after_av_cell_one_fourth  el_before_av_cell_one_fourth  av-zero-padding' ><div class='flex_cell_inner'><\/div><\/div>\n<style type=\"text\/css\" data-created_by=\"avia_inline_auto\" id=\"style-css-av-cmb4t-de6c45e47a1237ccee455ecb1efa3c01\">\n.flex_cell.av-cmb4t-de6c45e47a1237ccee455ecb1efa3c01{\nvertical-align:top;\nheight:15px;\nmin-height:15px;\nbackground-color:#acd464;\n}\n.responsive #top #wrap_all .flex_cell.av-cmb4t-de6c45e47a1237ccee455ecb1efa3c01{\npadding:0px 0px 0px 0px !important;\n}\n<\/style>\n<div class='flex_cell av-cmb4t-de6c45e47a1237ccee455ecb1efa3c01 av-gridrow-cell av_one_fourth no_margin  avia-builder-el-15  el_after_av_cell_one_fourth  el_before_av_cell_one_fourth  av-zero-padding' ><div class='flex_cell_inner'><\/div><\/div>\n<style type=\"text\/css\" data-created_by=\"avia_inline_auto\" id=\"style-css-av-978kt-9a0d48b4437ba6cc035d80e8abaddb26\">\n.flex_cell.av-978kt-9a0d48b4437ba6cc035d80e8abaddb26{\nvertical-align:top;\nheight:15px;\nmin-height:15px;\nbackground-color:#e1fbb2;\n}\n.responsive #top #wrap_all .flex_cell.av-978kt-9a0d48b4437ba6cc035d80e8abaddb26{\npadding:0px 0px 0px 0px !important;\n}\n<\/style>\n<div class='flex_cell av-978kt-9a0d48b4437ba6cc035d80e8abaddb26 av-gridrow-cell av_one_fourth no_margin  avia-builder-el-16  el_after_av_cell_one_fourth  avia-builder-el-last  av-zero-padding' ><div class='flex_cell_inner'><\/div><\/div>\n<\/div>\n<div id='av-layout-grid-4'  class='av-layout-grid-container av-5unc71-8d71a01516e2b1ecf84525db9d45d3a1 entry-content-wrapper main_color av-flex-cells  avia-builder-el-17  el_after_av_layout_row  el_before_av_layout_row  grid-row-not-first  container_wrap sidebar_right'  >\n\n<style type=\"text\/css\" data-created_by=\"avia_inline_auto\" id=\"style-css-av-5rcgvh-1f68ee5733921092e0cabe578b94196c\">\n.flex_cell.av-5rcgvh-1f68ee5733921092e0cabe578b94196c{\nvertical-align:middle;\nbackground:url(https:\/\/fjarmalaheilsa.is\/wp-content\/uploads\/2016\/05\/yoga_me-1030x687.jpg) 100% 50% no-repeat scroll ;\n}\n.responsive #top #wrap_all .flex_cell.av-5rcgvh-1f68ee5733921092e0cabe578b94196c{\npadding:0px 0px 0px 0px !important;\n}\n<\/style>\n<div class='flex_cell av-5rcgvh-1f68ee5733921092e0cabe578b94196c av-gridrow-cell av_one_half no_margin  avia-builder-el-18  el_before_av_cell_one_half  avia-builder-el-first  av-zero-padding avia-full-stretch' ><div class='flex_cell_inner'><\/div><\/div>\n<style type=\"text\/css\" data-created_by=\"avia_inline_auto\" id=\"style-css-av-5i67zh-12d35ecf26221d506421d0d37d93ae6a\">\n.flex_cell.av-5i67zh-12d35ecf26221d506421d0d37d93ae6a{\nvertical-align:middle;\nbackground:url(https:\/\/fjarmalaheilsa.is\/wp-content\/uploads\/2016\/05\/food-bg-3.jpg) 100% 100% no-repeat scroll ;\n}\n.responsive #top #wrap_all .flex_cell.av-5i67zh-12d35ecf26221d506421d0d37d93ae6a{\npadding:100px 100px 100px 100px !important;\n}\n<\/style>\n<div class='flex_cell av-5i67zh-12d35ecf26221d506421d0d37d93ae6a av-gridrow-cell av_one_half no_margin  avia-builder-el-19  el_after_av_cell_one_half  avia-builder-el-last  avia-full-contain' ><div class='flex_cell_inner'><p>\n<style type=\"text\/css\" data-created_by=\"avia_inline_auto\" id=\"style-css-av-5dxwyl-4157613852da4a0e9cf5459afef95f56\">\n#top .av-special-heading.av-5dxwyl-4157613852da4a0e9cf5459afef95f56{\npadding-bottom:20px;\nfont-size:50px;\n}\nbody .av-special-heading.av-5dxwyl-4157613852da4a0e9cf5459afef95f56 .av-special-heading-tag .heading-char{\nfont-size:25px;\n}\n#top #wrap_all .av-special-heading.av-5dxwyl-4157613852da4a0e9cf5459afef95f56 .av-special-heading-tag{\nfont-size:50px;\n}\n.av-special-heading.av-5dxwyl-4157613852da4a0e9cf5459afef95f56 .av-subheading{\nfont-size:15px;\n}\n\n@media only screen and (min-width: 480px) and (max-width: 767px){ \n#top #wrap_all .av-special-heading.av-5dxwyl-4157613852da4a0e9cf5459afef95f56 .av-special-heading-tag{\nfont-size:0.8em;\n}\n}\n\n@media only screen and (max-width: 479px){ \n#top #wrap_all .av-special-heading.av-5dxwyl-4157613852da4a0e9cf5459afef95f56 .av-special-heading-tag{\nfont-size:0.8em;\n}\n}\n<\/style>\n<div  class='av-special-heading av-5dxwyl-4157613852da4a0e9cf5459afef95f56 av-special-heading-h1 blockquote modern-quote  avia-builder-el-20  el_before_av_textblock  avia-builder-el-first  av-inherit-size'><h1 class='av-special-heading-tag'  itemprop=\"headline\"  ><u>My<\/u> philosophy<\/h1><div class=\"special-heading-border\"><div class=\"special-heading-inner-border\"><\/div><\/div><\/div><br \/>\n<section  class='av_textblock_section av-56psrh-18db091d0c3baa194f7aa34977b7d2f8'  itemscope=\"itemscope\" itemtype=\"https:\/\/schema.org\/CreativeWork\" ><div class='avia_textblock'  itemprop=\"text\" ><p>Lorem ipsum dolor sit amet, consectetuer adipiscing elit. Aenean commodo ligula eget dolor. Aenean massa. Cum sociis natoque penatibus et magnis dis parturient montes, nascetur ridiculus mus.<\/p>\n<ul>\n<li>Donec quam felis, ultricies nec<\/li>\n<li>Pellentesque eu, pretium quis, sem<\/li>\n<li>Nulla consequat massa quis enim<\/li>\n<\/ul>\n<p>Nullam dictum felis eu pede mollis pretium. Integer tincidunt. Cras dapibus. Vivamus elementum semper nisi. Aenean vulputate eleifend tellus. Aenean leo ligula, porttitor eu, consequat vitae, eleifend ac, enim. Aliquam lorem ante, dapibus in, viverra quis, feugiat a, tellus.<\/p>\n<\/div><\/section><\/p>\n<\/div><\/div>\n<\/div>\n<div id='welcome'  class='av-layout-grid-container av-50s5el-e894c54048e3d108a43ecf03de45d0cf entry-content-wrapper main_color av-fixed-cells  avia-builder-el-22  el_after_av_layout_row  el_before_av_layout_row  grid-row-not-first  container_wrap sidebar_right'  >\n\n<style type=\"text\/css\" data-created_by=\"avia_inline_auto\" id=\"style-css-av-4tv3ct-917aa1344d35b92dc0de8070055315f0\">\n.flex_cell.av-4tv3ct-917aa1344d35b92dc0de8070055315f0{\nvertical-align:top;\nheight:15px;\nmin-height:15px;\nbackground-color:#719430;\n}\n.responsive #top #wrap_all .flex_cell.av-4tv3ct-917aa1344d35b92dc0de8070055315f0{\npadding:0px 0px 0px 0px !important;\n}\n<\/style>\n<div class='flex_cell av-4tv3ct-917aa1344d35b92dc0de8070055315f0 av-gridrow-cell av_one_fourth no_margin  avia-builder-el-23  el_before_av_cell_one_fourth  avia-builder-el-first  av-zero-padding' ><div class='flex_cell_inner'><\/div><\/div>\n<style type=\"text\/css\" data-created_by=\"avia_inline_auto\" id=\"style-css-av-4qun19-fe2e005c1a1e9d61a25e2855daa0ff59\">\n.flex_cell.av-4qun19-fe2e005c1a1e9d61a25e2855daa0ff59{\nvertical-align:top;\nheight:15px;\nmin-height:15px;\nbackground-color:#92bb46;\n}\n.responsive #top #wrap_all .flex_cell.av-4qun19-fe2e005c1a1e9d61a25e2855daa0ff59{\npadding:0px 0px 0px 0px !important;\n}\n<\/style>\n<div class='flex_cell av-4qun19-fe2e005c1a1e9d61a25e2855daa0ff59 av-gridrow-cell av_one_fourth no_margin  avia-builder-el-24  el_after_av_cell_one_fourth  el_before_av_cell_one_fourth  av-zero-padding' ><div class='flex_cell_inner'><\/div><\/div>\n<style type=\"text\/css\" data-created_by=\"avia_inline_auto\" id=\"style-css-av-4kzvud-0ef361987a31d38fd048941c3b5788ba\">\n.flex_cell.av-4kzvud-0ef361987a31d38fd048941c3b5788ba{\nvertical-align:top;\nheight:15px;\nmin-height:15px;\nbackground-color:#acd464;\n}\n.responsive #top #wrap_all .flex_cell.av-4kzvud-0ef361987a31d38fd048941c3b5788ba{\npadding:0px 0px 0px 0px !important;\n}\n<\/style>\n<div class='flex_cell av-4kzvud-0ef361987a31d38fd048941c3b5788ba av-gridrow-cell av_one_fourth no_margin  avia-builder-el-25  el_after_av_cell_one_fourth  el_before_av_cell_one_fourth  av-zero-padding' ><div class='flex_cell_inner'><\/div><\/div>\n<style type=\"text\/css\" data-created_by=\"avia_inline_auto\" id=\"style-css-av-4dv2h1-1b12a0755088f6ab7205b3f79bfeabc7\">\n.flex_cell.av-4dv2h1-1b12a0755088f6ab7205b3f79bfeabc7{\nvertical-align:top;\nheight:15px;\nmin-height:15px;\nbackground-color:#e1fbb2;\n}\n.responsive #top #wrap_all .flex_cell.av-4dv2h1-1b12a0755088f6ab7205b3f79bfeabc7{\npadding:0px 0px 0px 0px !important;\n}\n<\/style>\n<div class='flex_cell av-4dv2h1-1b12a0755088f6ab7205b3f79bfeabc7 av-gridrow-cell av_one_fourth no_margin  avia-builder-el-26  el_after_av_cell_one_fourth  avia-builder-el-last  av-zero-padding' ><div class='flex_cell_inner'><\/div><\/div>\n<\/div>\n<div id='welcome'  class='av-layout-grid-container av-zl291-64bd96edcfe846611497d08611e7c012 entry-content-wrapper main_color av-fixed-cells  avia-builder-el-27  el_after_av_layout_row  avia-builder-el-last  grid-row-not-first  container_wrap sidebar_right'  >\n\n<style type=\"text\/css\" data-created_by=\"avia_inline_auto\" id=\"style-css-av-rz9rp-9aa5e875fa28b7f5fa52cadb97f4aabc\">\n.flex_cell.av-rz9rp-9aa5e875fa28b7f5fa52cadb97f4aabc{\nvertical-align:top;\nheight:15px;\nmin-height:15px;\nbackground-color:#719430;\n}\n.responsive #top #wrap_all .flex_cell.av-rz9rp-9aa5e875fa28b7f5fa52cadb97f4aabc{\npadding:0px 0px 0px 0px !important;\n}\n<\/style>\n<div class='flex_cell av-rz9rp-9aa5e875fa28b7f5fa52cadb97f4aabc av-gridrow-cell av_one_fourth no_margin  avia-builder-el-28  el_before_av_cell_one_fourth  avia-builder-el-first  av-zero-padding' ><div class='flex_cell_inner'><\/div><\/div>\n<style type=\"text\/css\" data-created_by=\"avia_inline_auto\" id=\"style-css-av-kclnh-961366897b35e6f460c0bd29e9c75cb7\">\n.flex_cell.av-kclnh-961366897b35e6f460c0bd29e9c75cb7{\nvertical-align:top;\nheight:15px;\nmin-height:15px;\nbackground-color:#92bb46;\n}\n.responsive #top #wrap_all .flex_cell.av-kclnh-961366897b35e6f460c0bd29e9c75cb7{\npadding:0px 0px 0px 0px !important;\n}\n<\/style>\n<div class='flex_cell av-kclnh-961366897b35e6f460c0bd29e9c75cb7 av-gridrow-cell av_one_fourth no_margin  avia-builder-el-29  el_after_av_cell_one_fourth  el_before_av_cell_one_fourth  av-zero-padding' ><div class='flex_cell_inner'><\/div><\/div>\n<style type=\"text\/css\" data-created_by=\"avia_inline_auto\" id=\"style-css-av-ehp25-5be9b45b91fe666058f397379c6555a2\">\n.flex_cell.av-ehp25-5be9b45b91fe666058f397379c6555a2{\nvertical-align:top;\nheight:15px;\nmin-height:15px;\nbackground-color:#acd464;\n}\n.responsive #top #wrap_all .flex_cell.av-ehp25-5be9b45b91fe666058f397379c6555a2{\npadding:0px 0px 0px 0px !important;\n}\n<\/style>\n<div class='flex_cell av-ehp25-5be9b45b91fe666058f397379c6555a2 av-gridrow-cell av_one_fourth no_margin  avia-builder-el-30  el_after_av_cell_one_fourth  el_before_av_cell_one_fourth  av-zero-padding' ><div class='flex_cell_inner'><\/div><\/div>\n<style type=\"text\/css\" data-created_by=\"avia_inline_auto\" id=\"style-css-av-6sjfp-765a2315f76408ccc0e46aaa9d5353ba\">\n.flex_cell.av-6sjfp-765a2315f76408ccc0e46aaa9d5353ba{\nvertical-align:top;\nheight:15px;\nmin-height:15px;\nbackground-color:#e1fbb2;\n}\n.responsive #top #wrap_all .flex_cell.av-6sjfp-765a2315f76408ccc0e46aaa9d5353ba{\npadding:0px 0px 0px 0px !important;\n}\n<\/style>\n<div class='flex_cell av-6sjfp-765a2315f76408ccc0e46aaa9d5353ba av-gridrow-cell av_one_fourth no_margin  avia-builder-el-31  el_after_av_cell_one_fourth  avia-builder-el-last  av-zero-padding' ><div class='flex_cell_inner'><\/div><\/div>\n<\/div>","protected":false},"excerpt":{"rendered":"","protected":false},"author":2,"featured_media":0,"parent":0,"menu_order":0,"comment_status":"closed","ping_status":"closed","template":"","meta":{"_bbp_topic_count":0,"_bbp_reply_count":0,"_bbp_total_topic_count":0,"_bbp_total_reply_count":0,"_bbp_voice_count":0,"_bbp_anonymous_reply_count":0,"_bbp_topic_count_hidden":0,"_bbp_reply_count_hidden":0,"_bbp_forum_subforum_count":0,"footnotes":""},"class_list":["post-253","page","type-page","status-publish","hentry"],"jetpack_sharing_enabled":true,"_links":{"self":[{"href":"https:\/\/fjarmalaheilsa.is\/index.php\/wp-json\/wp\/v2\/pages\/253"}],"collection":[{"href":"https:\/\/fjarmalaheilsa.is\/index.php\/wp-json\/wp\/v2\/pages"}],"about":[{"href":"https:\/\/fjarmalaheilsa.is\/index.php\/wp-json\/wp\/v2\/types\/page"}],"author":[{"embeddable":true,"href":"https:\/\/fjarmalaheilsa.is\/index.php\/wp-json\/wp\/v2\/users\/2"}],"replies":[{"embeddable":true,"href":"https:\/\/fjarmalaheilsa.is\/index.php\/wp-json\/wp\/v2\/comments?post=253"}],"version-history":[{"count":6,"href":"https:\/\/fjarmalaheilsa.is\/index.php\/wp-json\/wp\/v2\/pages\/253\/revisions"}],"predecessor-version":[{"id":3536,"href":"https:\/\/fjarmalaheilsa.is\/index.php\/wp-json\/wp\/v2\/pages\/253\/revisions\/3536"}],"wp:attachment":[{"href":"https:\/\/fjarmalaheilsa.is\/index.php\/wp-json\/wp\/v2\/media?parent=253"}],"curies":[{"name":"wp","href":"https:\/\/api.w.org\/{rel}","templated":true}]}}